{"id":177,"date":"2023-11-07T16:55:59","date_gmt":"2023-11-07T15:55:59","guid":{"rendered":"https:\/\/www.lacoopdesarts-formation.fr\/?page_id=177"},"modified":"2023-11-10T12:57:13","modified_gmt":"2023-11-10T11:57:13","slug":"pedagogie-danse","status":"publish","type":"page","link":"https:\/\/www.lacoopdesarts-formation.fr\/index.php\/pedagogie-danse\/","title":{"rendered":"P\u00e9dagogie de la Danse"},"content":{"rendered":"<p>[et_pb_section fb_built=&#8221;1&#8243; _builder_version=&#8221;4.23&#8243; _module_preset=&#8221;default&#8221; global_colors_info=&#8221;{}&#8221;][et_pb_row _builder_version=&#8221;4.23&#8243; _module_preset=&#8221;default&#8221; global_colors_info=&#8221;{}&#8221;][et_pb_column type=&#8221;4_4&#8243; _builder_version=&#8221;4.23&#8243; _module_preset=&#8221;default&#8221; global_colors_info=&#8221;{}&#8221;][et_pb_text _builder_version=&#8221;4.23&#8243; _module_preset=&#8221;default&#8221; hover_enabled=&#8221;0&#8243; global_colors_info=&#8221;{}&#8221; sticky_enabled=&#8221;0&#8243; inline_fonts=&#8221;Basic&#8221;]<\/p>\n<h3><span style=\"font-family: Basic;\">Danseurs, Professeurs de Danse, Professeurs des Ecoles, Arts-th\u00e9rapeutes, Ergoth\u00e9rapeutes, Psychomotriciens, Animateurs titulaires du BAFA\u2026, La Coop des Arts vous propose des formations professionnelles continues pour :<\/span><\/h3>\n<h3>\u00a0<\/h3>\n<h5><strong><span>D\u00e9velopper vos comp\u00e9tences et approfondir votre exp\u00e9rience p\u00e9dagogique.<br \/><\/span><span>Savoir adapter contenus et m\u00e9thodes en fonction du public.<br \/><\/span><span>Renouveler vos outils p\u00e9dagogiques et nourrir votre cr\u00e9ativit\u00e9.<\/span><\/strong><\/h5>\n<h4><span>Si vous vous adressez \u00e0 un public d\u2019enfants\u00a0 et si la danse constitue un outil dans votre activit\u00e9 professionnelle, les formations suivantes sont faites pour vous.<\/span><\/h4>\n<p>&nbsp;<\/p>\n<h5><span>Danseurs, Professeurs de Danse, Professeurs des Ecoles, Arts-th\u00e9rapeutes, Ergoth\u00e9rapeutes, Psychomotriciens, Animateurs titulaires du BAFA\u2026, La Coop des Arts vous propose des formations professionnelles continues pour :<\/span><\/h5>\n<p>&nbsp;<\/p>\n<h5><strong><span>D\u00e9velopper vos comp\u00e9tences et approfondir votre exp\u00e9rience p\u00e9dagogique.<br \/><\/span><span>Savoir adapter contenus et m\u00e9thodes en fonction du public.<br \/><\/span><span>Renouveler vos outils p\u00e9dagogiques et nourrir votre cr\u00e9ativit\u00e9.<\/span><\/strong><\/h5>\n<p>[\/et_pb_text][et_pb_text _builder_version=&#8221;4.23&#8243; _module_preset=&#8221;default&#8221;]<\/p>\n<p>Your content goes here. Edit or remove this text inline or in the module Content settings. You can also style every aspect of this content in the module Design settings and even apply custom CSS to this text in the module Advanced settings.<\/p>\n<p>[\/et_pb_text][\/et_pb_column][\/et_pb_row][\/et_pb_section]<\/p>\n","protected":false},"excerpt":{"rendered":"<p>Danseurs, Professeurs de Danse, Professeurs des Ecoles, Arts-th\u00e9rapeutes, Ergoth\u00e9rapeutes, Psychomotriciens, Animateurs titulaires du BAFA\u2026, La Coop des Arts vous propose des formations professionnelles continues pour : \u00a0 D\u00e9velopper vos comp\u00e9tences et approfondir votre exp\u00e9rience p\u00e9dagogique.Savoir adapter contenus et m\u00e9thodes en fonction du public.Renouveler vos outils p\u00e9dagogiques et nourrir votre cr\u00e9ativit\u00e9. Si vous vous adressez \u00e0 [&hellip;]<\/p>\n","protected":false},"author":1,"featured_media":0,"parent":0,"menu_order":0,"comment_status":"closed","ping_status":"closed","template":"","meta":{"_et_pb_use_builder":"on","_et_pb_old_content":"","_et_gb_content_width":"","footnotes":""},"class_list":["post-177","page","type-page","status-publish","hentry"],"_links":{"self":[{"href":"https:\/\/www.lacoopdesarts-formation.fr\/index.php\/wp-json\/wp\/v2\/pages\/177","targetHints":{"allow":["GET"]}}],"collection":[{"href":"https:\/\/www.lacoopdesarts-formation.fr\/index.php\/wp-json\/wp\/v2\/pages"}],"about":[{"href":"https:\/\/www.lacoopdesarts-formation.fr\/index.php\/wp-json\/wp\/v2\/types\/page"}],"author":[{"embeddable":true,"href":"https:\/\/www.lacoopdesarts-formation.fr\/index.php\/wp-json\/wp\/v2\/users\/1"}],"replies":[{"embeddable":true,"href":"https:\/\/www.lacoopdesarts-formation.fr\/index.php\/wp-json\/wp\/v2\/comments?post=177"}],"version-history":[{"count":5,"href":"https:\/\/www.lacoopdesarts-formation.fr\/index.php\/wp-json\/wp\/v2\/pages\/177\/revisions"}],"predecessor-version":[{"id":348,"href":"https:\/\/www.lacoopdesarts-formation.fr\/index.php\/wp-json\/wp\/v2\/pages\/177\/revisions\/348"}],"wp:attachment":[{"href":"https:\/\/www.lacoopdesarts-formation.fr\/index.php\/wp-json\/wp\/v2\/media?parent=177"}],"curies":[{"name":"wp","href":"https:\/\/api.w.org\/{rel}","templated":true}]}}